{"id":11,"date":"2019-03-22T14:56:36","date_gmt":"2019-03-22T14:56:36","guid":{"rendered":"http:\/\/gruentals-deli.de\/?page_id=11"},"modified":"2023-01-26T09:37:54","modified_gmt":"2023-01-26T09:37:54","slug":"speisen","status":"publish","type":"page","link":"https:\/\/gruentals-deli.de\/index.php\/speisen\/","title":{"rendered":"Speisen"},"content":{"rendered":"\n<h2>Business Lunch<\/h2>\n\n\n\n<p>Unsere Idee: Wir servieren Ihnen in Ihren R\u00e4umen unser hochwertiges Speisenangebot zur Mittagszeit &#8211; zu attraktiven Preisen! Sie bekommen Fine Dining Speisenqualit\u00e4t zu Lunch-Preisen! Genie\u00dfen auf h\u00f6chstem Niveau<\/p>\n\n\n\n<div class=\"wp-block-file\"><object class=\"wp-block-file__embed\" data=\"https:\/\/gruentals-deli.de\/wp-content\/uploads\/2023\/01\/Business-Lunch-im-Februar.pdf\" type=\"application\/pdf\" style=\"width:100%;height:600px\" aria-label=\"Einbettung von Business-Lunch-im-Februar.\"><\/object><a href=\"https:\/\/gruentals-deli.de\/wp-content\/uploads\/2023\/01\/Business-Lunch-im-Februar.pdf\">Business-Lunch-im-Februar<\/a><a href=\"https:\/\/gruentals-deli.de\/wp-content\/uploads\/2023\/01\/Business-Lunch-im-Februar.pdf\" class=\"wp-block-file__button\" download>Herunterladen<\/a><\/div>\n\n\n\n<div class=\"wp-block-file\"><a href=\"https:\/\/gruentals-deli.de\/wp-content\/uploads\/2020\/06\/Lunch-Box-Impressionen.pdf\">LunchBox Impressionen<\/a><a href=\"https:\/\/gruentals-deli.de\/wp-content\/uploads\/2020\/06\/Lunch-Box-Impressionen.pdf\" class=\"wp-block-file__button\" download>Herunterladen<\/a><\/div>\n\n\n\n<h2>Snacks<\/h2>\n\n\n\n<p>Meeting, Konferenz, Messe oder Workshop, der kleine Hunger kommt bestimmt. Hierzu sind unsere Snacks und Pausenverpflegungen ideal!<\/p>\n\n\n\n<div class=\"wp-block-file\"><a href=\"https:\/\/gruentals-deli.de\/wp-content\/uploads\/2019\/12\/Business-Fingerfood.pdf\">Business Fingerfood<\/a><a href=\"https:\/\/gruentals-deli.de\/wp-content\/uploads\/2019\/12\/Business-Fingerfood.pdf\" class=\"wp-block-file__button\" download>Herunterladen<\/a><\/div>\n\n\n\n<div class=\"wp-block-file\"><a href=\"https:\/\/gruentals-deli.de\/wp-content\/uploads\/2020\/01\/Premium-Businness-Snacks.pdf\">Premium Snacks<\/a><a href=\"https:\/\/gruentals-deli.de\/wp-content\/uploads\/2020\/01\/Premium-Businness-Snacks.pdf\" class=\"wp-block-file__button\" download>Herunterladen<\/a><\/div>\n\n\n\n<h2>Fingerfood<\/h2>\n\n\n\n<p>Unser Fingerfoodangebot finden Sie nun in diesem Katalog nach  Speisenarten geordnet. Sehr gerne gehen wir auch auf Ihre Vorstellungen und  W\u00fcnsche ein.<\/p>\n\n\n\n<div class=\"wp-block-file\"><a href=\"http:\/\/gruentals-deli.de\/wp-content\/uploads\/2019\/03\/Fingerfood_Evolution.pdf\">Fingerfood Evolution<\/a><a href=\"http:\/\/gruentals-deli.de\/wp-content\/uploads\/2019\/03\/Fingerfood_Evolution.pdf\" class=\"wp-block-file__button\" download>Herunterladen<\/a><\/div>\n\n\n\n<h2>Buffets<\/h2>\n\n\n\n<p>Einen kleinen Vorgeschmack finden Sie hier, besprechen sie gerne Ihre konkreten W\u00fcnsche mit unserem Team bei einer Beratung! <br>Wir freuen uns auf Sie!!!<br> <\/p>\n\n\n\n<div class=\"wp-block-file\"><a href=\"https:\/\/gruentals-deli.de\/wp-content\/uploads\/2020\/01\/Mediterranes-Buffet.pdf\">Mediterranes Buffet<\/a><a href=\"https:\/\/gruentals-deli.de\/wp-content\/uploads\/2020\/01\/Mediterranes-Buffet.pdf\" class=\"wp-block-file__button\" download>Herunterladen<\/a><\/div>\n","protected":false},"excerpt":{"rendered":"<p>Business Lunch Unsere Idee: Wir servieren Ihnen in Ihren R\u00e4umen unser hochwertiges Speisenangebot zur Mittagszeit &#8211; zu attraktiven Preisen! Sie bekommen Fine Dining Speisenqualit\u00e4t zu Lunch-Preisen! Genie\u00dfen auf h\u00f6chstem Niveau Snacks Meeting, Konferenz, Messe oder Workshop, der kleine Hunger kommt bestimmt. Hierzu sind unsere Snacks und Pausenverpflegungen ideal! Fingerfood Unser Fingerfoodangebot finden Sie nun in [&hellip;]<\/p>\n","protected":false},"author":1,"featured_media":0,"parent":0,"menu_order":0,"comment_status":"closed","ping_status":"closed","template":"","meta":[],"_links":{"self":[{"href":"https:\/\/gruentals-deli.de\/index.php\/wp-json\/wp\/v2\/pages\/11"}],"collection":[{"href":"https:\/\/gruentals-deli.de\/index.php\/wp-json\/wp\/v2\/pages"}],"about":[{"href":"https:\/\/gruentals-deli.de\/index.php\/wp-json\/wp\/v2\/types\/page"}],"author":[{"embeddable":true,"href":"https:\/\/gruentals-deli.de\/index.php\/wp-json\/wp\/v2\/users\/1"}],"replies":[{"embeddable":true,"href":"https:\/\/gruentals-deli.de\/index.php\/wp-json\/wp\/v2\/comments?post=11"}],"version-history":[{"count":41,"href":"https:\/\/gruentals-deli.de\/index.php\/wp-json\/wp\/v2\/pages\/11\/revisions"}],"predecessor-version":[{"id":220,"href":"https:\/\/gruentals-deli.de\/index.php\/wp-json\/wp\/v2\/pages\/11\/revisions\/220"}],"wp:attachment":[{"href":"https:\/\/gruentals-deli.de\/index.php\/wp-json\/wp\/v2\/media?parent=11"}],"curies":[{"name":"wp","href":"https:\/\/api.w.org\/{rel}","templated":true}]}}